{"id":2,"date":"2016-05-10T03:48:21","date_gmt":"2016-05-10T03:48:21","guid":{"rendered":"https:\/\/sbrinkmeier-warenautomaten.de\/?page_id=2"},"modified":"2024-11-06T14:24:53","modified_gmt":"2024-11-06T13:24:53","slug":"sample-page","status":"publish","type":"page","link":"https:\/\/sbrinkmeier-warenautomaten.de\/?page_id=2","title":{"rendered":"Automaten\u00fcbersicht"},"content":{"rendered":"\n<p><strong>Unsere Automatenaufstellung \u2013 W\u00e4hlen Sie aus drei Genussoptionen!<\/strong><\/p>\n\n\n\n<p><strong>Kaffeeautomat<\/strong><br>Genie\u00dfen Sie rund um die Uhr frisch gebr\u00fchten Kaffee und eine Auswahl an Kaffeespezialit\u00e4ten wie Cappuccino und Espresso \u2013 perfekt f\u00fcr jeden Kaffeeliebhaber.<\/p>\n\n\n\n<p><strong>Verf\u00fcgbarkeit<\/strong>: Sofort einsatzbereit.<\/p>\n\n\n\n<p><strong>Snackautomat<\/strong><br>Stellen Sie sich Ihre Lieblingssnacks zusammen! Unsere Snackautomaten bieten eine vielf\u00e4ltige Auswahl, von s\u00fc\u00dfen bis herzhaften Snacks und sogar kleinen Getr\u00e4nkedosen. Ideal, um den kleinen Hunger zu stillen und Energie zu tanken.<\/p>\n\n\n\n<p><strong>Verf\u00fcgbarkeit<\/strong>: Nach Absprache individuell beschaffbar, meist in wenigen Wochen verf\u00fcgbar.<\/p>\n\n\n\n<p><strong>Getr\u00e4nkeautomat<\/strong><br>Erfrischen Sie sich mit einer Auswahl an k\u00fchlen Softdrinks, Mineralwasser und fruchtigen S\u00e4ften \u2013 perfekt f\u00fcr alle, die zwischendurch eine schnelle Erfrischung suchen.<\/p>\n\n\n\n<p><strong>Verf\u00fcgbarkeit<\/strong>: Nach Absprache individuell beschaffbar, meist in wenigen Wochen verf\u00fcgbar.<\/p>\n\n\n\n<p><strong>Individuelle Best\u00fcckung \u2013 abgestimmt auf Ihren Geschmack<\/strong><br>Unsere Automaten lassen sich flexibel best\u00fccken, sodass Sie und Ihre Mitarbeiter stets die bevorzugten Produkte zur Hand haben. Teilen Sie uns einfach Ihre W\u00fcnsche mit, und wir passen die Auswahl an. Ob starke Kaffees, fruchtige S\u00e4fte oder deftige Snacks \u2013 wir sorgen daf\u00fcr, dass f\u00fcr jeden Geschmack das Passende dabei ist!<\/p>\n\n\n\n<p><\/p>\n","protected":false},"excerpt":{"rendered":"<p>Unsere Automatenaufstellung \u2013 W\u00e4hlen Sie aus drei Genussoptionen! KaffeeautomatGenie\u00dfen Sie rund um die Uhr frisch gebr\u00fchten Kaffee und eine Auswahl an Kaffeespezialit\u00e4ten wie Cappuccino und Espresso \u2013 perfekt f\u00fcr jeden Kaffeeliebhaber. Verf\u00fcgbarkeit: Sofort einsatzbereit. SnackautomatStellen Sie sich Ihre Lieblingssnacks zusammen! Unsere Snackautomaten bieten eine vielf\u00e4ltige Auswahl, von s\u00fc\u00dfen bis herzhaften Snacks und sogar kleinen Getr\u00e4nkedosen. [&hellip;]<\/p>\n","protected":false},"author":1,"featured_media":0,"parent":0,"menu_order":1,"comment_status":"closed","ping_status":"closed","template":"","meta":{"footnotes":""},"class_list":["post-2","page","type-page","status-publish","hentry"],"_links":{"self":[{"href":"https:\/\/sbrinkmeier-warenautomaten.de\/index.php?rest_route=\/wp\/v2\/pages\/2","targetHints":{"allow":["GET"]}}],"collection":[{"href":"https:\/\/sbrinkmeier-warenautomaten.de\/index.php?rest_route=\/wp\/v2\/pages"}],"about":[{"href":"https:\/\/sbrinkmeier-warenautomaten.de\/index.php?rest_route=\/wp\/v2\/types\/page"}],"author":[{"embeddable":true,"href":"https:\/\/sbrinkmeier-warenautomaten.de\/index.php?rest_route=\/wp\/v2\/users\/1"}],"replies":[{"embeddable":true,"href":"https:\/\/sbrinkmeier-warenautomaten.de\/index.php?rest_route=%2Fwp%2Fv2%2Fcomments&post=2"}],"version-history":[{"count":6,"href":"https:\/\/sbrinkmeier-warenautomaten.de\/index.php?rest_route=\/wp\/v2\/pages\/2\/revisions"}],"predecessor-version":[{"id":50,"href":"https:\/\/sbrinkmeier-warenautomaten.de\/index.php?rest_route=\/wp\/v2\/pages\/2\/revisions\/50"}],"wp:attachment":[{"href":"https:\/\/sbrinkmeier-warenautomaten.de\/index.php?rest_route=%2Fwp%2Fv2%2Fmedia&parent=2"}],"curies":[{"name":"wp","href":"https:\/\/api.w.org\/{rel}","templated":true}]}}